{"id":6405,"date":"2020-05-18T16:14:41","date_gmt":"2020-05-18T14:14:41","guid":{"rendered":"http:\/\/www.fantasiamary.de\/?page_id=6405"},"modified":"2024-06-25T15:03:04","modified_gmt":"2024-06-25T13:03:04","slug":"bio","status":"publish","type":"page","link":"https:\/\/www.fantasiamary.de\/?page_id=6405","title":{"rendered":"Bio"},"content":{"rendered":"<div class=\"fusion-fullwidth fullwidth-box fusion-builder-row-1 nonhundred-percent-fullwidth non-hundred-percent-height-scrolling\" style=\"--awb-border-radius-top-left:0px;--awb-border-radius-top-right:0px;--awb-border-radius-bottom-right:0px;--awb-border-radius-bottom-left:0px;--awb-flex-wrap:wrap;\" ><div class=\"fusion-builder-row fusion-row\"><div class=\"fusion-layout-column fusion_builder_column fusion-builder-column-0 fusion_builder_column_1_1 1_1 fusion-one-full fusion-column-first fusion-column-last\" style=\"--awb-bg-size:cover;\"><div class=\"fusion-column-wrapper fusion-column-has-shadow fusion-flex-column-wrapper-legacy\"><div class=\"fusion-title title fusion-title-1 fusion-title-text fusion-title-size-one\"><h1 class=\"fusion-title-heading title-heading-left fusion-responsive-typography-calculated\" style=\"margin:0;--fontSize:35;line-height:1.75;\">Biographie<\/h1><span class=\"awb-title-spacer\"><\/span><div class=\"title-sep-container\"><div class=\"title-sep sep-single sep-solid\" style=\"border-color:#e0dede;\"><\/div><\/div><\/div><div class=\"fusion-content-boxes content-boxes columns row fusion-columns-1 fusion-columns-total-1 fusion-content-boxes-1 content-boxes-icon-with-title content-left\" style=\"--awb-hover-accent-color:#777777;--awb-circle-hover-accent-color:#777777;--awb-item-margin-bottom:40px;\" data-animationOffset=\"top-into-view\"><div style=\"--awb-backgroundcolor:transparent;\" class=\"fusion-column content-box-column content-box-column content-box-column-1 col-lg-12 col-md-12 col-sm-12 fusion-content-box-hover content-box-column-last content-box-column-last-in-row\"><div class=\"col content-box-wrapper content-wrapper link-area-link-icon icon-hover-animation-fade\" data-animationOffset=\"top-into-view\"><div class=\"fusion-clearfix\"><\/div><div class=\"content-container\">\n<ul>\n<li>2023-heute Malerin im Atelier L\u00fcthi, Winterthur, Schweiz<\/li>\n<li>2020-2023 Malerin im eigenen Atelier, Volketswil, Schweiz<\/li>\n<li>2013-2020 Malerin im Unperfekthaus, Essen, Deutschland<\/li>\n<li>2009-2013 Malerin im eigenen Atelier, Oberhausen, Deutschland<\/li>\n<li>2007-2009 Malerin im Atelier Bottega Indaco, Turin, Italien<\/li>\n<li>2002-2007 Kunststudium an der Accademia Albertina delle Belle Arti, Turin, Italien<\/li>\n<li>1983 Geboren in Herborn, Deutschland<\/li>\n<\/ul>\n<\/div><\/div><\/div><div class=\"fusion-clearfix\"><\/div><\/div><div class=\"fusion-title title fusion-title-2 fusion-title-text fusion-title-size-one\"><h1 class=\"fusion-title-heading title-heading-left fusion-responsive-typography-calculated\" style=\"margin:0;--fontSize:35;line-height:1.75;\">Werk<\/h1><span class=\"awb-title-spacer\"><\/span><div class=\"title-sep-container\"><div class=\"title-sep sep-single sep-solid\" style=\"border-color:#e0dede;\"><\/div><\/div><\/div><div class=\"fusion-text fusion-text-1\" style=\"--awb-text-transform:none;\"><p>Die weibliche Figur ist das Hauptthema der Arbeit von Maria Mancini. Die Frau als Verk\u00f6rperung des Sch\u00f6nheitsideals und \u00dcberbringerin dieser Botschaft.<\/p>\n<p>Geboren 1983 in Herborn, schloss Sie 2007 ihr Studium an der Akademie der Bildenden K\u00fcnste in Turin ab und setzte ihren k\u00fcnstlerischen Weg bei Bottega Indaco, dem Atelier der K\u00fcnstler Ciro Palumbo und Akira Zakamoto, fort.<br \/>\nIm Jahr 2009 zog Sie nach Oberhausen (NRW, Deutschland) und 2020 nach Volketswil (Z\u00fcrich, Schweiz) wo Sie zurzeit arbeitet und lebt.<\/p>\n<p>Ihre Werke sind durchdrungen von den Farben und der Lebendigkeit ihrer Heimat Italien und Ausdruck einer Suche nach dem Begriff \/ dem Ideal der Sch\u00f6nheit in ihren vielen Facetten und viele damit verbundene Themen wie Identit\u00e4t, Dualit\u00e4t und Unvollkommenheit.<\/p>\n<blockquote>\n<p>&#8222;Sch\u00f6nheit wird Die Welt retten&#8220;<br \/>\nDostojewski<\/p>\n<\/blockquote>\n<p>Zu Beginn Ihres k\u00fcnstlerischen Projekts begann sie G\u00f6ttinnen zu malen, die sich dann in \u00fcbernat\u00fcrliche oder v\u00f6llig menschliche Wesen verwandelten. Die Frauen sind anfangs in monochrome Hintergr\u00fcnde eingebettet; sp\u00e4ter hat sich die K\u00fcnstlerin von der Symbolik und der Sprache der Blumen und Tiere, sowie der griechischen Mythologie faszinieren lassen.<\/p>\n<p>Einige Werke konzentrieren sich auf das Gesicht und damit auf die Identit\u00e4t und die Rolle, die der Mensch in der Gesellschaft spielt. Wichtig ist die Erinnerung, die diese Person \u00a0hinterlassen hat und der Kampf, den sie dank ihrer Arbeit gewonnen hat.<\/p>\n<p>Die K\u00fcnstlerin ist sehr fasziniert von den unterschiedlichen Kulturen und Traditionen der verschiedenen ethnischen Gruppen und den verschiedenen historischen Epochen.<\/p>\n<p>Die Sch\u00f6nheit des Anderen.<br \/>\n<strong><br \/>\n<\/strong>Andere Werke befassen sich mit Emotionen und Gem\u00fctszust\u00e4nden, wie in ihren letzten Arbeiten.<br \/>\nIhr malerischer Weg ver\u00e4ndert sich st\u00e4ndig, ebenso wie die Suche nach neuen Techniken und Materialien, als Ausdruck der vielen Facetten der K\u00fcnstlerin.<\/p>\n<p>Ihr Werk ist in \u00f6ffentlichen Ausstellungen, Institutionen und Kunstmessen zu sehen.<\/p>\n<blockquote>\n<p>&#8222;Diese Welt, in der wir leben, braucht Sch\u00f6nheit, um nicht in Verzweiflung zu versinken. Die Sch\u00f6nheit, wie auch die Wahrheit, bringt dem menschlichen Herz Freude, und es ist diese kostbare Frucht, die dem Zahn der Zeit widersteht, die Generationen vereint und sie bef\u00e4higt, in Bewunderung miteinander zu kommunizieren. Und all dies geschieht durch das Werk eurer H\u00e4nde \u2026 Vergesst nicht, dass ihr die H\u00fcter des Sch\u00f6nen in der Welt seid.<br \/>\nBedauerlicherweise ist unsere gegenw\u00e4rtige Zeit nicht nur durch negative Ph\u00e4nomene auf sozialem und wirtschaftlichem Gebiet gepr\u00e4gt, sondern auch durch den Schwund der Hoffnung und durch ein Fehlen von Vertrauen in menschliche Beziehungen, wodurch die Zeichen von Resignation, Aggression und Verzweiflung zunehmen. Die Welt, in der wir leben, l\u00e4uft Gefahr, bis zur Unkenntlichkeit entstellt zu werden, weil unkluge menschliche Handlungsweisen, anstatt die Sch\u00f6nheit zu pflegen, skrupellos ihre Ressourcen f\u00fcr das Wohl einiger weniger ausbeuten und dadurch nicht selten die Wunder der Natur entstellen. Was kann uns wieder mit Begeisterung und Zuversicht erf\u00fcllen, was kann den menschlichen Geist ermutigen, seinen Weg zu finden, seine Augen zum Horizont zu erheben, von einem Leben, das seiner Berufung w\u00fcrdig ist, zu tr\u00e4umen \u2013 wenn nicht die Sch\u00f6nheit?<br \/>\nAnsprache Benedikt XVI, Sixtinische Kapelle, 2009&#8220;<\/p>\n<\/blockquote>\n<p>Agnolo Firenzuola schrieb 1578 und dr\u00fcckte ein gemeinsames Konzept der Zeit aus, das dann das Leitmotiv des k\u00fcnstlerischen Ausdrucks &#8222;Sch\u00f6nheit ist das gr\u00f6\u00dfte Geschenk Gottes an das menschliche Gesch\u00f6pf, denn dank der Sch\u00f6nheit erheben wir den Geist zur Kontemplation&#8230;.&#8220; sein w\u00fcrde. Im Laufe der Zeit, und vielleicht nie zuvor wie in diesen Jahren, in diesem Zeitalter, brauchen wir Sch\u00f6nheit.<\/p>\n<p>Sch\u00f6nheit ist auch das Geschenk, das wir anderen von uns selbst geben, dasjenige, das unsere Innerlichkeit stark in ihren Werten, in ihrer Koh\u00e4renz, in ihrer Aufmerksamkeit f\u00fcr den anderen umschlie\u00dft. (cit)<\/p>\n<\/div><div class=\"fusion-clearfix\"><\/div><\/div><\/div><\/div><\/div>\n","protected":false},"excerpt":{"rendered":"","protected":false},"author":2,"featured_media":0,"parent":0,"menu_order":0,"comment_status":"closed","ping_status":"closed","template":"100-width.php","meta":{"footnotes":""},"class_list":["post-6405","page","type-page","status-publish","hentry"],"_links":{"self":[{"href":"https:\/\/www.fantasiamary.de\/index.php?rest_route=\/wp\/v2\/pages\/6405","targetHints":{"allow":["GET"]}}],"collection":[{"href":"https:\/\/www.fantasiamary.de\/index.php?rest_route=\/wp\/v2\/pages"}],"about":[{"href":"https:\/\/www.fantasiamary.de\/index.php?rest_route=\/wp\/v2\/types\/page"}],"author":[{"embeddable":true,"href":"https:\/\/www.fantasiamary.de\/index.php?rest_route=\/wp\/v2\/users\/2"}],"replies":[{"embeddable":true,"href":"https:\/\/www.fantasiamary.de\/index.php?rest_route=%2Fwp%2Fv2%2Fcomments&post=6405"}],"version-history":[{"count":37,"href":"https:\/\/www.fantasiamary.de\/index.php?rest_route=\/wp\/v2\/pages\/6405\/revisions"}],"predecessor-version":[{"id":6942,"href":"https:\/\/www.fantasiamary.de\/index.php?rest_route=\/wp\/v2\/pages\/6405\/revisions\/6942"}],"wp:attachment":[{"href":"https:\/\/www.fantasiamary.de\/index.php?rest_route=%2Fwp%2Fv2%2Fmedia&parent=6405"}],"curies":[{"name":"wp","href":"https:\/\/api.w.org\/{rel}","templated":true}]}}