{"id":6758,"date":"2020-05-24T15:29:16","date_gmt":"2020-05-24T13:29:16","guid":{"rendered":"https:\/\/www.fantasiamary.de\/?page_id=6758"},"modified":"2025-01-03T11:57:13","modified_gmt":"2025-01-03T09:57:13","slug":"medien","status":"publish","type":"page","link":"https:\/\/www.fantasiamary.de\/?page_id=6758","title":{"rendered":"Medien"},"content":{"rendered":"<p><div class=\"fusion-fullwidth fullwidth-box fusion-builder-row-1 nonhundred-percent-fullwidth non-hundred-percent-height-scrolling\" style=\"--awb-border-radius-top-left:0px;--awb-border-radius-top-right:0px;--awb-border-radius-bottom-right:0px;--awb-border-radius-bottom-left:0px;--awb-flex-wrap:wrap;\" ><div class=\"fusion-builder-row fusion-row\"><div class=\"fusion-layout-column fusion_builder_column fusion-builder-column-0 fusion_builder_column_1_1 1_1 fusion-one-full fusion-column-first fusion-column-last\" style=\"--awb-bg-size:cover;--awb-margin-bottom:0px;\"><div class=\"fusion-column-wrapper fusion-flex-column-wrapper-legacy\"><div class=\"fusion-title title fusion-title-1 fusion-title-text fusion-title-size-one\"><h1 class=\"fusion-title-heading title-heading-left fusion-responsive-typography-calculated\" style=\"margin:0;--fontSize:35;line-height:1.75;\">Medien<\/h1><span class=\"awb-title-spacer\"><\/span><div class=\"title-sep-container\"><div class=\"title-sep sep-single sep-solid\" style=\"border-color:#e0dede;\"><\/div><\/div><\/div><div class=\"fusion-clearfix\"><\/div><\/div><\/div><\/div><\/div><div class=\"fusion-fullwidth fullwidth-box fusion-builder-row-2 nonhundred-percent-fullwidth non-hundred-percent-height-scrolling\" style=\"--awb-border-radius-top-left:0px;--awb-border-radius-top-right:0px;--awb-border-radius-bottom-right:0px;--awb-border-radius-bottom-left:0px;--awb-flex-wrap:wrap;\" ><div class=\"fusion-builder-row fusion-row\"><div class=\"fusion-layout-column fusion_builder_column fusion-builder-column-1 fusion_builder_column_1_1 1_1 fusion-one-full fusion-column-first fusion-column-last\" style=\"--awb-bg-size:cover;\"><div class=\"fusion-column-wrapper fusion-column-has-shadow fusion-flex-column-wrapper-legacy\"><div class=\"accordian fusion-accordian\" style=\"--awb-border-size:1px;--awb-icon-size:13px;--awb-content-font-size:16px;--awb-icon-alignment:left;--awb-hover-color:#f9f9f9;--awb-border-color:#cccccc;--awb-background-color:#ffffff;--awb-divider-color:#e0dede;--awb-divider-hover-color:#e0dede;--awb-icon-color:#ffffff;--awb-title-color:#333333;--awb-content-color:#747474;--awb-icon-box-color:#333333;--awb-toggle-hover-accent-color:#777777;--awb-title-font-family:&quot;Raleway&quot;;--awb-title-font-weight:400;--awb-title-font-style:normal;--awb-title-font-size:16px;--awb-content-font-family:&quot;Open Sans&quot;;--awb-content-font-style:normal;--awb-content-font-weight:400;\"><div class=\"panel-group fusion-toggle-icon-boxed\" id=\"accordion-6758-1\"><div class=\"fusion-panel panel-default panel-f6fb0a5a779834e4f fusion-toggle-has-divider\"><div class=\"panel-heading\"><h4 class=\"panel-title toggle\" id=\"toggle_f6fb0a5a779834e4f\"><a aria-expanded=\"false\" aria-controls=\"f6fb0a5a779834e4f\" role=\"button\" data-toggle=\"collapse\" data-parent=\"#accordion-6758-1\" data-target=\"#f6fb0a5a779834e4f\" href=\"#f6fb0a5a779834e4f\"><span class=\"fusion-toggle-icon-wrapper\" aria-hidden=\"true\"><i class=\"fa-fusion-box active-icon awb-icon-minus\" aria-hidden=\"true\"><\/i><i class=\"fa-fusion-box inactive-icon awb-icon-plus\" aria-hidden=\"true\"><\/i><\/span><span class=\"fusion-toggle-heading\">Contemporary Art Ruhr, 2019, Zeche Zollverein, Essen Deutschland<\/span><\/a><\/h4><\/div><div id=\"f6fb0a5a779834e4f\" class=\"panel-collapse collapse \" aria-labelledby=\"toggle_f6fb0a5a779834e4f\"><div class=\"panel-body toggle-content fusion-clearfix\">\n<div class=\"fusion-video fusion-youtube\" style=\"--awb-max-width:600px;--awb-max-height:360px;\"><div class=\"video-shortcode\"><div class=\"fluid-width-video-wrapper\" style=\"padding-top:60%;\" ><iframe title=\"YouTube video player 1\" src=\"https:\/\/www.youtube.com\/embed\/yz_UTj5RBmM?wmode=transparent&autoplay=0\" width=\"600\" height=\"360\" allowfullscreen allow=\"autoplay; fullscreen\"><\/iframe><\/div><\/div><\/div>\n<\/div><\/div><\/div><div class=\"fusion-panel panel-default panel-fedc0dfc9e03436de fusion-toggle-has-divider\"><div class=\"panel-heading\"><h4 class=\"panel-title toggle\" id=\"toggle_fedc0dfc9e03436de\"><a aria-expanded=\"false\" aria-controls=\"fedc0dfc9e03436de\" role=\"button\" data-toggle=\"collapse\" data-parent=\"#accordion-6758-1\" data-target=\"#fedc0dfc9e03436de\" href=\"#fedc0dfc9e03436de\"><span class=\"fusion-toggle-icon-wrapper\" aria-hidden=\"true\"><i class=\"fa-fusion-box active-icon awb-icon-minus\" aria-hidden=\"true\"><\/i><i class=\"fa-fusion-box inactive-icon awb-icon-plus\" aria-hidden=\"true\"><\/i><\/span><span class=\"fusion-toggle-heading\">Il volto incarnazione del Sogno, 2008, Alassio, Italien<\/span><\/a><\/h4><\/div><div id=\"fedc0dfc9e03436de\" class=\"panel-collapse collapse \" aria-labelledby=\"toggle_fedc0dfc9e03436de\"><div class=\"panel-body toggle-content fusion-clearfix\">\n<div class=\"fusion-video fusion-youtube\" style=\"--awb-max-width:600px;--awb-max-height:360px;\"><div class=\"video-shortcode\"><div class=\"fluid-width-video-wrapper\" style=\"padding-top:60%;\" ><iframe title=\"YouTube video player 2\" src=\"https:\/\/www.youtube.com\/embed\/y8Q6T5i9UBU?wmode=transparent&autoplay=0\" width=\"600\" height=\"360\" allowfullscreen allow=\"autoplay; fullscreen\"><\/iframe><\/div><\/div><\/div>\n<\/div><\/div><\/div><\/div><\/div><div class=\"fusion-clearfix\"><\/div><\/div><\/div><\/div><\/div><div class=\"fusion-fullwidth fullwidth-box fusion-builder-row-3 nonhundred-percent-fullwidth non-hundred-percent-height-scrolling\" style=\"--awb-border-radius-top-left:0px;--awb-border-radius-top-right:0px;--awb-border-radius-bottom-right:0px;--awb-border-radius-bottom-left:0px;--awb-flex-wrap:wrap;\" ><div class=\"fusion-builder-row fusion-row\"><div class=\"fusion-layout-column fusion_builder_column fusion-builder-column-2 fusion_builder_column_1_1 1_1 fusion-one-full fusion-column-first fusion-column-last\" style=\"--awb-bg-size:cover;--awb-margin-bottom:0px;\"><div class=\"fusion-column-wrapper fusion-flex-column-wrapper-legacy\"><div class=\"fusion-title title fusion-title-2 fusion-title-text fusion-title-size-one\"><h1 class=\"fusion-title-heading title-heading-left fusion-responsive-typography-calculated\" style=\"margin:0;--fontSize:35;line-height:1.75;\">Presse<\/h1><span class=\"awb-title-spacer\"><\/span><div class=\"title-sep-container\"><div class=\"title-sep sep-single sep-solid\" style=\"border-color:#e0dede;\"><\/div><\/div><\/div><div class=\"accordian fusion-accordian\" style=\"--awb-border-size:1px;--awb-icon-size:13px;--awb-content-font-size:16px;--awb-icon-alignment:left;--awb-hover-color:#f9f9f9;--awb-border-color:#cccccc;--awb-background-color:#ffffff;--awb-divider-color:#e0dede;--awb-divider-hover-color:#e0dede;--awb-icon-color:#ffffff;--awb-title-color:#333333;--awb-content-color:#747474;--awb-icon-box-color:#333333;--awb-toggle-hover-accent-color:#777777;--awb-title-font-family:&quot;Raleway&quot;;--awb-title-font-weight:400;--awb-title-font-style:normal;--awb-title-font-size:16px;--awb-content-font-family:&quot;Open Sans&quot;;--awb-content-font-style:normal;--awb-content-font-weight:400;\"><div class=\"panel-group fusion-toggle-icon-boxed\" id=\"accordion-6758-2\"><div class=\"fusion-panel panel-default panel-c9280b45a02caaf47 fusion-toggle-has-divider\" style=\"--awb-title-color:#333333;\"><div class=\"panel-heading\"><h4 class=\"panel-title toggle\" id=\"toggle_c9280b45a02caaf47\"><a class=\"active\" aria-expanded=\"true\" aria-controls=\"c9280b45a02caaf47\" role=\"button\" data-toggle=\"collapse\" data-parent=\"#accordion-6758-2\" data-target=\"#c9280b45a02caaf47\" href=\"#c9280b45a02caaf47\"><span class=\"fusion-toggle-icon-wrapper\" aria-hidden=\"true\"><i class=\"fa-fusion-box active-icon awb-icon-minus\" aria-hidden=\"true\"><\/i><i class=\"fa-fusion-box inactive-icon awb-icon-plus\" aria-hidden=\"true\"><\/i><\/span><span class=\"fusion-toggle-heading\">Contemporary Art Ruhr, 2024, Zeche Zollverein, Essen Deutschland<\/span><\/a><\/h4><\/div><div id=\"c9280b45a02caaf47\" class=\"panel-collapse collapse in\" aria-labelledby=\"toggle_c9280b45a02caaf47\"><div class=\"panel-body toggle-content fusion-clearfix\">\n<a href=\"https:\/\/www.fantasiamary.de\/wp-content\/uploads\/2025\/01\/2024_10_BER_WAZ_Kultur_Kunstmesse.pdf\" class=\"pdfemb-viewer\" style=\"\" data-width=\"max\" data-height=\"max\" data-toolbar=\"bottom\" data-toolbar-fixed=\"off\">2024_10_BER_WAZ_Kultur_Kunstmesse<\/a>\n<\/div><\/div><\/div><div class=\"fusion-panel panel-default panel-0c9f566ff94706b76 fusion-toggle-has-divider\"><div class=\"panel-heading\"><h4 class=\"panel-title toggle\" id=\"toggle_0c9f566ff94706b76\"><a aria-expanded=\"false\" aria-controls=\"0c9f566ff94706b76\" role=\"button\" data-toggle=\"collapse\" data-parent=\"#accordion-6758-2\" data-target=\"#0c9f566ff94706b76\" href=\"#0c9f566ff94706b76\"><span class=\"fusion-toggle-icon-wrapper\" aria-hidden=\"true\"><i class=\"fa-fusion-box active-icon awb-icon-minus\" aria-hidden=\"true\"><\/i><i class=\"fa-fusion-box inactive-icon awb-icon-plus\" aria-hidden=\"true\"><\/i><\/span><span class=\"fusion-toggle-heading\">Le Stanze delle Meraviglie<\/span><\/a><\/h4><\/div><div id=\"0c9f566ff94706b76\" class=\"panel-collapse collapse \" aria-labelledby=\"toggle_0c9f566ff94706b76\"><div class=\"panel-body toggle-content fusion-clearfix\">\n<div class=\"video-shortcode\">\n<blockquote class=\"wp-embedded-content\" data-secret=\"gvK7EDiq8i\"><p><a href=\"https:\/\/www.artemorbida.com\/wunderkammer-a-villa-giulia-al-via-la-vi-edizione-delle-stanze-delle-meraviglie-sul-lago-maggiore\/\">WUNDERKAMMER A VILLA GIULIA: AL VIA LA VI EDIZIONE DELLE STANZE DELLE MERAVIGLIE SUL LAGO MAGGIORE<\/a><\/p><\/blockquote>\n<p><iframe class=\"wp-embedded-content\" sandbox=\"allow-scripts\" security=\"restricted\" style=\"position: absolute; clip: rect(1px, 1px, 1px, 1px);\" title=\"&#8220;WUNDERKAMMER A VILLA GIULIA: AL VIA LA VI EDIZIONE DELLE STANZE DELLE MERAVIGLIE SUL LAGO MAGGIORE&#8221; &#8212; ARTEMORBIDA\" src=\"https:\/\/www.artemorbida.com\/wunderkammer-a-villa-giulia-al-via-la-vi-edizione-delle-stanze-delle-meraviglie-sul-lago-maggiore\/embed\/#?secret=Gq4lan60Mf#?secret=gvK7EDiq8i\" data-secret=\"gvK7EDiq8i\" width=\"600\" height=\"338\" frameborder=\"0\" marginwidth=\"0\" marginheight=\"0\" scrolling=\"no\"><\/iframe><\/div>\n<\/div><\/div><\/div><div class=\"fusion-panel panel-default panel-3e41109f091cf380d fusion-toggle-has-divider\" style=\"--awb-title-color:#333333;\"><div class=\"panel-heading\"><h4 class=\"panel-title toggle\" id=\"toggle_3e41109f091cf380d\"><a aria-expanded=\"false\" aria-controls=\"3e41109f091cf380d\" role=\"button\" data-toggle=\"collapse\" data-parent=\"#accordion-6758-2\" data-target=\"#3e41109f091cf380d\" href=\"#3e41109f091cf380d\"><span class=\"fusion-toggle-icon-wrapper\" aria-hidden=\"true\"><i class=\"fa-fusion-box active-icon awb-icon-minus\" aria-hidden=\"true\"><\/i><i class=\"fa-fusion-box inactive-icon awb-icon-plus\" aria-hidden=\"true\"><\/i><\/span><span class=\"fusion-toggle-heading\">Bilder nackter Frauen im Technischen Rathaus st\u00f6rten Oberhausener B\u00fcrger<\/span><\/a><\/h4><\/div><div id=\"3e41109f091cf380d\" class=\"panel-collapse collapse \" aria-labelledby=\"toggle_3e41109f091cf380d\"><div class=\"panel-body toggle-content fusion-clearfix\">\n<a href=\"https:\/\/www.fantasiamary.de\/wp-content\/uploads\/2020\/06\/20141121_Bilder_nackter_Frauen_stoerten_web.pdf\" class=\"pdfemb-viewer\" style=\"\" data-width=\"max\" data-height=\"max\" data-toolbar=\"bottom\" data-toolbar-fixed=\"off\">20141121_Bilder_nackter_Frauen_stoerten_web<\/a>\n<\/div><\/div><\/div><div class=\"fusion-panel panel-default panel-a3698281a1409969e fusion-toggle-has-divider\" style=\"--awb-title-color:#333333;\"><div class=\"panel-heading\"><h4 class=\"panel-title toggle\" id=\"toggle_a3698281a1409969e\"><a aria-expanded=\"false\" aria-controls=\"a3698281a1409969e\" role=\"button\" data-toggle=\"collapse\" data-parent=\"#accordion-6758-2\" data-target=\"#a3698281a1409969e\" href=\"#a3698281a1409969e\"><span class=\"fusion-toggle-icon-wrapper\" aria-hidden=\"true\"><i class=\"fa-fusion-box active-icon awb-icon-minus\" aria-hidden=\"true\"><\/i><i class=\"fa-fusion-box inactive-icon awb-icon-plus\" aria-hidden=\"true\"><\/i><\/span><span class=\"fusion-toggle-heading\">Breites Echo auf Nacktbilder-Verbot in Oberhausen<\/span><\/a><\/h4><\/div><div id=\"a3698281a1409969e\" class=\"panel-collapse collapse \" aria-labelledby=\"toggle_a3698281a1409969e\"><div class=\"panel-body toggle-content fusion-clearfix\">\n<a href=\"https:\/\/www.fantasiamary.de\/wp-content\/uploads\/2020\/06\/20141122_Breites_Echo_Nacktbilder_web.pdf\" class=\"pdfemb-viewer\" style=\"\" data-width=\"max\" data-height=\"max\" data-toolbar=\"bottom\" data-toolbar-fixed=\"off\">20141122_Breites_Echo_Nacktbilder_web<\/a>\n<\/div><\/div><\/div><div class=\"fusion-panel panel-default panel-401e6c580a8b899ad fusion-toggle-has-divider\" style=\"--awb-title-color:#333333;\"><div class=\"panel-heading\"><h4 class=\"panel-title toggle\" id=\"toggle_401e6c580a8b899ad\"><a aria-expanded=\"false\" aria-controls=\"401e6c580a8b899ad\" role=\"button\" data-toggle=\"collapse\" data-parent=\"#accordion-6758-2\" data-target=\"#401e6c580a8b899ad\" href=\"#401e6c580a8b899ad\"><span class=\"fusion-toggle-icon-wrapper\" aria-hidden=\"true\"><i class=\"fa-fusion-box active-icon awb-icon-minus\" aria-hidden=\"true\"><\/i><i class=\"fa-fusion-box inactive-icon awb-icon-plus\" aria-hidden=\"true\"><\/i><\/span><span class=\"fusion-toggle-heading\">Nacktheit geh\u00f6rt zu Kunst<\/span><\/a><\/h4><\/div><div id=\"401e6c580a8b899ad\" class=\"panel-collapse collapse \" aria-labelledby=\"toggle_401e6c580a8b899ad\"><div class=\"panel-body toggle-content fusion-clearfix\">\n<a href=\"https:\/\/www.fantasiamary.de\/wp-content\/uploads\/2020\/06\/20141125_Nackthaiet_gehoert_zur_Kunst_web.pdf\" class=\"pdfemb-viewer\" style=\"\" data-width=\"max\" data-height=\"max\" data-toolbar=\"bottom\" data-toolbar-fixed=\"off\">20141125_Nackthaiet_gehoert_zur_Kunst_web<\/a>\n<\/div><\/div><\/div><div class=\"fusion-panel panel-default panel-a7008d452173509fe fusion-toggle-has-divider\" style=\"--awb-title-color:#333333;\"><div class=\"panel-heading\"><h4 class=\"panel-title toggle\" id=\"toggle_a7008d452173509fe\"><a aria-expanded=\"false\" aria-controls=\"a7008d452173509fe\" role=\"button\" data-toggle=\"collapse\" data-parent=\"#accordion-6758-2\" data-target=\"#a7008d452173509fe\" href=\"#a7008d452173509fe\"><span class=\"fusion-toggle-icon-wrapper\" aria-hidden=\"true\"><i class=\"fa-fusion-box active-icon awb-icon-minus\" aria-hidden=\"true\"><\/i><i class=\"fa-fusion-box inactive-icon awb-icon-plus\" aria-hidden=\"true\"><\/i><\/span><span class=\"fusion-toggle-heading\">B\u00fcrger beschwerten sich \u00fcber Br\u00fcste im Rathaus<\/span><\/a><\/h4><\/div><div id=\"a7008d452173509fe\" class=\"panel-collapse collapse \" aria-labelledby=\"toggle_a7008d452173509fe\"><div class=\"panel-body toggle-content fusion-clearfix\">\n<a href=\"https:\/\/www.fantasiamary.de\/wp-content\/uploads\/2020\/06\/20141126_Buerger_beschweren_Die_Welt_web.pdf\" class=\"pdfemb-viewer\" style=\"\" data-width=\"max\" data-height=\"max\" data-toolbar=\"bottom\" data-toolbar-fixed=\"off\">20141126_Buerger_beschweren_Die_Welt_web<\/a>\n<\/div><\/div><\/div><div class=\"fusion-panel panel-default panel-e534c143e74f5249b fusion-toggle-has-divider\" style=\"--awb-title-color:#333333;\"><div class=\"panel-heading\"><h4 class=\"panel-title toggle\" id=\"toggle_e534c143e74f5249b\"><a aria-expanded=\"false\" aria-controls=\"e534c143e74f5249b\" role=\"button\" data-toggle=\"collapse\" data-parent=\"#accordion-6758-2\" data-target=\"#e534c143e74f5249b\" href=\"#e534c143e74f5249b\"><span class=\"fusion-toggle-icon-wrapper\" aria-hidden=\"true\"><i class=\"fa-fusion-box active-icon awb-icon-minus\" aria-hidden=\"true\"><\/i><i class=\"fa-fusion-box inactive-icon awb-icon-plus\" aria-hidden=\"true\"><\/i><\/span><span class=\"fusion-toggle-heading\">Diese Oberweite schockt Rathaus-Besucher<\/span><\/a><\/h4><\/div><div id=\"e534c143e74f5249b\" class=\"panel-collapse collapse \" aria-labelledby=\"toggle_e534c143e74f5249b\"><div class=\"panel-body toggle-content fusion-clearfix\">\n<a href=\"https:\/\/www.fantasiamary.de\/wp-content\/uploads\/2020\/06\/20141126_Diese-Oberweite-schockt_express_web.pdf\" class=\"pdfemb-viewer\" style=\"\" data-width=\"max\" data-height=\"max\" data-toolbar=\"bottom\" data-toolbar-fixed=\"off\">20141126_Diese-Oberweite-schockt_express_web<\/a>\n<\/div><\/div><\/div><div class=\"fusion-panel panel-default panel-b077734885f44ecc2 fusion-toggle-has-divider\" style=\"--awb-title-color:#333333;\"><div class=\"panel-heading\"><h4 class=\"panel-title toggle\" id=\"toggle_b077734885f44ecc2\"><a aria-expanded=\"false\" aria-controls=\"b077734885f44ecc2\" role=\"button\" data-toggle=\"collapse\" data-parent=\"#accordion-6758-2\" data-target=\"#b077734885f44ecc2\" href=\"#b077734885f44ecc2\"><span class=\"fusion-toggle-icon-wrapper\" aria-hidden=\"true\"><i class=\"fa-fusion-box active-icon awb-icon-minus\" aria-hidden=\"true\"><\/i><i class=\"fa-fusion-box inactive-icon awb-icon-plus\" aria-hidden=\"true\"><\/i><\/span><span class=\"fusion-toggle-heading\">G\u00f6ttinnen und ein Cham\u00e4leon<\/span><\/a><\/h4><\/div><div id=\"b077734885f44ecc2\" class=\"panel-collapse collapse \" aria-labelledby=\"toggle_b077734885f44ecc2\"><div class=\"panel-body toggle-content fusion-clearfix\">\n<a href=\"https:\/\/www.fantasiamary.de\/wp-content\/uploads\/2020\/06\/20161105_G\u00f6ttinen-und-ein-Cham\u00e4leon_WAZ_web.pdf\" class=\"pdfemb-viewer\" style=\"\" data-width=\"max\" data-height=\"max\" data-toolbar=\"bottom\" data-toolbar-fixed=\"off\">20161105_G\u00f6ttinen und ein Cham\u00e4leon_WAZ_web<\/a>\n<\/div><\/div><\/div><\/div><\/div><div class=\"fusion-clearfix\"><\/div><\/div><\/div><\/div><\/div><\/p>\n","protected":false},"excerpt":{"rendered":"","protected":false},"author":2,"featured_media":0,"parent":0,"menu_order":0,"comment_status":"closed","ping_status":"closed","template":"","meta":{"footnotes":""},"class_list":["post-6758","page","type-page","status-publish","hentry"],"_links":{"self":[{"href":"https:\/\/www.fantasiamary.de\/index.php?rest_route=\/wp\/v2\/pages\/6758","targetHints":{"allow":["GET"]}}],"collection":[{"href":"https:\/\/www.fantasiamary.de\/index.php?rest_route=\/wp\/v2\/pages"}],"about":[{"href":"https:\/\/www.fantasiamary.de\/index.php?rest_route=\/wp\/v2\/types\/page"}],"author":[{"embeddable":true,"href":"https:\/\/www.fantasiamary.de\/index.php?rest_route=\/wp\/v2\/users\/2"}],"replies":[{"embeddable":true,"href":"https:\/\/www.fantasiamary.de\/index.php?rest_route=%2Fwp%2Fv2%2Fcomments&post=6758"}],"version-history":[{"count":46,"href":"https:\/\/www.fantasiamary.de\/index.php?rest_route=\/wp\/v2\/pages\/6758\/revisions"}],"predecessor-version":[{"id":6980,"href":"https:\/\/www.fantasiamary.de\/index.php?rest_route=\/wp\/v2\/pages\/6758\/revisions\/6980"}],"wp:attachment":[{"href":"https:\/\/www.fantasiamary.de\/index.php?rest_route=%2Fwp%2Fv2%2Fmedia&parent=6758"}],"curies":[{"name":"wp","href":"https:\/\/api.w.org\/{rel}","templated":true}]}}